{"id":5495,"date":"2021-10-01T15:35:10","date_gmt":"2021-10-01T14:35:10","guid":{"rendered":"https:\/\/the7.io\/business-advisors\/?post_type=product&#038;p=5495"},"modified":"2024-05-28T15:24:32","modified_gmt":"2024-05-28T12:24:32","slug":"1aylik","status":"publish","type":"product","link":"https:\/\/www.workboxcloud.com\/index.php\/product\/1aylik\/","title":{"rendered":"1 Ayl\u0131k"},"content":{"rendered":"","protected":false},"excerpt":{"rendered":"","protected":false},"featured_media":0,"comment_status":"open","ping_status":"closed","template":"","meta":[],"product_brand":[],"product_cat":[253],"product_tag":[],"class_list":{"0":"post-5495","1":"product","2":"type-product","3":"status-publish","5":"product_cat-abonelikler","6":"description-off","8":"first","9":"instock","10":"virtual","11":"purchasable","12":"product-type-simple"},"yoast_head":"<!-- This site is optimized with the Yoast SEO plugin v27.4 - https:\/\/yoast.com\/product\/yoast-seo-wordpress\/ -->\n<title>1 Ayl\u0131k - Workbox Cloud Solutions<\/title>\n<meta name=\"description\" content=\"Hem i\u015finize hem cebinize uygun... \u0130\u015fletmenize uygun bir abonelik se\u00e7erek uygulamam\u0131z\u0131 kullanmaya ba\u015flayabilirsiniz.\" \/>\n<meta name=\"robots\" content=\"index, follow, max-snippet:-1, max-image-preview:large, max-video-preview:-1\" \/>\n<link rel=\"canonical\" href=\"https:\/\/www.workboxcloud.com\/index.php\/product\/1aylik\/\" \/>\n<meta property=\"og:locale\" content=\"tr_TR\" \/>\n<meta property=\"og:type\" content=\"article\" \/>\n<meta property=\"og:title\" content=\"1 Ayl\u0131k - Workbox Cloud Solutions\" \/>\n<meta property=\"og:description\" content=\"Hem i\u015finize hem cebinize uygun... \u0130\u015fletmenize uygun bir abonelik se\u00e7erek uygulamam\u0131z\u0131 kullanmaya ba\u015flayabilirsiniz.\" \/>\n<meta property=\"og:url\" content=\"https:\/\/www.workboxcloud.com\/index.php\/product\/1aylik\/\" \/>\n<meta property=\"og:site_name\" content=\"Workbox Cloud Solutions\" \/>\n<meta property=\"article:modified_time\" content=\"2024-05-28T12:24:32+00:00\" \/>\n<meta property=\"og:image\" content=\"https:\/\/www.workboxcloud.com\/wp-content\/uploads\/2021\/10\/sepet.png\" \/>\n\t<meta property=\"og:image:width\" content=\"1080\" \/>\n\t<meta property=\"og:image:height\" content=\"1080\" \/>\n\t<meta property=\"og:image:type\" content=\"image\/png\" \/>\n<meta name=\"twitter:card\" content=\"summary_large_image\" \/>\n<script type=\"application\/ld+json\" class=\"yoast-schema-graph\">{\"@context\":\"https:\\\/\\\/schema.org\",\"@graph\":[{\"@type\":\"WebPage\",\"@id\":\"https:\\\/\\\/www.workboxcloud.com\\\/index.php\\\/product\\\/1aylik\\\/\",\"url\":\"https:\\\/\\\/www.workboxcloud.com\\\/index.php\\\/product\\\/1aylik\\\/\",\"name\":\"1 Ayl\u0131k - Workbox Cloud Solutions\",\"isPartOf\":{\"@id\":\"https:\\\/\\\/www.workboxcloud.com\\\/#website\"},\"datePublished\":\"2021-10-01T14:35:10+00:00\",\"dateModified\":\"2024-05-28T12:24:32+00:00\",\"description\":\"Hem i\u015finize hem cebinize uygun... \u0130\u015fletmenize uygun bir abonelik se\u00e7erek uygulamam\u0131z\u0131 kullanmaya ba\u015flayabilirsiniz.\",\"breadcrumb\":{\"@id\":\"https:\\\/\\\/www.workboxcloud.com\\\/index.php\\\/product\\\/1aylik\\\/#breadcrumb\"},\"inLanguage\":\"tr\",\"potentialAction\":[{\"@type\":\"ReadAction\",\"target\":[\"https:\\\/\\\/www.workboxcloud.com\\\/index.php\\\/product\\\/1aylik\\\/\"]}]},{\"@type\":\"BreadcrumbList\",\"@id\":\"https:\\\/\\\/www.workboxcloud.com\\\/index.php\\\/product\\\/1aylik\\\/#breadcrumb\",\"itemListElement\":[{\"@type\":\"ListItem\",\"position\":1,\"name\":\"Anasayfa\",\"item\":\"https:\\\/\\\/www.workboxcloud.com\\\/\"},{\"@type\":\"ListItem\",\"position\":2,\"name\":\"Shop\",\"item\":\"https:\\\/\\\/www.workboxcloud.com\\\/index.php\\\/shop\\\/\"},{\"@type\":\"ListItem\",\"position\":3,\"name\":\"1 Ayl\u0131k\"}]},{\"@type\":\"WebSite\",\"@id\":\"https:\\\/\\\/www.workboxcloud.com\\\/#website\",\"url\":\"https:\\\/\\\/www.workboxcloud.com\\\/\",\"name\":\"WORKBOX Cloud\",\"description\":\"Uzmanl\u0131\u011f\u0131m\u0131z, Sizin Geli\u015fiminiz.\",\"publisher\":{\"@id\":\"https:\\\/\\\/www.workboxcloud.com\\\/#organization\"},\"potentialAction\":[{\"@type\":\"SearchAction\",\"target\":{\"@type\":\"EntryPoint\",\"urlTemplate\":\"https:\\\/\\\/www.workboxcloud.com\\\/?s={search_term_string}\"},\"query-input\":{\"@type\":\"PropertyValueSpecification\",\"valueRequired\":true,\"valueName\":\"search_term_string\"}}],\"inLanguage\":\"tr\"},{\"@type\":\"Organization\",\"@id\":\"https:\\\/\\\/www.workboxcloud.com\\\/#organization\",\"name\":\"WORKBOX Cloud\",\"url\":\"https:\\\/\\\/www.workboxcloud.com\\\/\",\"logo\":{\"@type\":\"ImageObject\",\"inLanguage\":\"tr\",\"@id\":\"https:\\\/\\\/www.workboxcloud.com\\\/#\\\/schema\\\/logo\\\/image\\\/\",\"url\":\"https:\\\/\\\/www.workboxcloud.com\\\/wp-content\\\/uploads\\\/2023\\\/11\\\/WORKBOX-LOGOFORSITE1.png\",\"contentUrl\":\"https:\\\/\\\/www.workboxcloud.com\\\/wp-content\\\/uploads\\\/2023\\\/11\\\/WORKBOX-LOGOFORSITE1.png\",\"width\":350,\"height\":100,\"caption\":\"WORKBOX Cloud\"},\"image\":{\"@id\":\"https:\\\/\\\/www.workboxcloud.com\\\/#\\\/schema\\\/logo\\\/image\\\/\"},\"sameAs\":[\"https:\\\/\\\/www.linkedin.com\\\/in\\\/workbox-cloud-548b6a29b\\\/\",\"https:\\\/\\\/www.instagram.com\\\/workboxcloud\\\/\"]}]}<\/script>\n<!-- \/ Yoast SEO plugin. -->","yoast_head_json":{"title":"1 Ayl\u0131k - Workbox Cloud Solutions","description":"Hem i\u015finize hem cebinize uygun... \u0130\u015fletmenize uygun bir abonelik se\u00e7erek uygulamam\u0131z\u0131 kullanmaya ba\u015flayabilirsiniz.","robots":{"index":"index","follow":"follow","max-snippet":"max-snippet:-1","max-image-preview":"max-image-preview:large","max-video-preview":"max-video-preview:-1"},"canonical":"https:\/\/www.workboxcloud.com\/index.php\/product\/1aylik\/","og_locale":"tr_TR","og_type":"article","og_title":"1 Ayl\u0131k - Workbox Cloud Solutions","og_description":"Hem i\u015finize hem cebinize uygun... \u0130\u015fletmenize uygun bir abonelik se\u00e7erek uygulamam\u0131z\u0131 kullanmaya ba\u015flayabilirsiniz.","og_url":"https:\/\/www.workboxcloud.com\/index.php\/product\/1aylik\/","og_site_name":"Workbox Cloud Solutions","article_modified_time":"2024-05-28T12:24:32+00:00","og_image":[{"width":1080,"height":1080,"url":"https:\/\/www.workboxcloud.com\/wp-content\/uploads\/2021\/10\/sepet.png","type":"image\/png"}],"twitter_card":"summary_large_image","schema":{"@context":"https:\/\/schema.org","@graph":[{"@type":"WebPage","@id":"https:\/\/www.workboxcloud.com\/index.php\/product\/1aylik\/","url":"https:\/\/www.workboxcloud.com\/index.php\/product\/1aylik\/","name":"1 Ayl\u0131k - Workbox Cloud Solutions","isPartOf":{"@id":"https:\/\/www.workboxcloud.com\/#website"},"datePublished":"2021-10-01T14:35:10+00:00","dateModified":"2024-05-28T12:24:32+00:00","description":"Hem i\u015finize hem cebinize uygun... \u0130\u015fletmenize uygun bir abonelik se\u00e7erek uygulamam\u0131z\u0131 kullanmaya ba\u015flayabilirsiniz.","breadcrumb":{"@id":"https:\/\/www.workboxcloud.com\/index.php\/product\/1aylik\/#breadcrumb"},"inLanguage":"tr","potentialAction":[{"@type":"ReadAction","target":["https:\/\/www.workboxcloud.com\/index.php\/product\/1aylik\/"]}]},{"@type":"BreadcrumbList","@id":"https:\/\/www.workboxcloud.com\/index.php\/product\/1aylik\/#breadcrumb","itemListElement":[{"@type":"ListItem","position":1,"name":"Anasayfa","item":"https:\/\/www.workboxcloud.com\/"},{"@type":"ListItem","position":2,"name":"Shop","item":"https:\/\/www.workboxcloud.com\/index.php\/shop\/"},{"@type":"ListItem","position":3,"name":"1 Ayl\u0131k"}]},{"@type":"WebSite","@id":"https:\/\/www.workboxcloud.com\/#website","url":"https:\/\/www.workboxcloud.com\/","name":"WORKBOX Cloud","description":"Uzmanl\u0131\u011f\u0131m\u0131z, Sizin Geli\u015fiminiz.","publisher":{"@id":"https:\/\/www.workboxcloud.com\/#organization"},"potentialAction":[{"@type":"SearchAction","target":{"@type":"EntryPoint","urlTemplate":"https:\/\/www.workboxcloud.com\/?s={search_term_string}"},"query-input":{"@type":"PropertyValueSpecification","valueRequired":true,"valueName":"search_term_string"}}],"inLanguage":"tr"},{"@type":"Organization","@id":"https:\/\/www.workboxcloud.com\/#organization","name":"WORKBOX Cloud","url":"https:\/\/www.workboxcloud.com\/","logo":{"@type":"ImageObject","inLanguage":"tr","@id":"https:\/\/www.workboxcloud.com\/#\/schema\/logo\/image\/","url":"https:\/\/www.workboxcloud.com\/wp-content\/uploads\/2023\/11\/WORKBOX-LOGOFORSITE1.png","contentUrl":"https:\/\/www.workboxcloud.com\/wp-content\/uploads\/2023\/11\/WORKBOX-LOGOFORSITE1.png","width":350,"height":100,"caption":"WORKBOX Cloud"},"image":{"@id":"https:\/\/www.workboxcloud.com\/#\/schema\/logo\/image\/"},"sameAs":["https:\/\/www.linkedin.com\/in\/workbox-cloud-548b6a29b\/","https:\/\/www.instagram.com\/workboxcloud\/"]}]}},"_links":{"self":[{"href":"https:\/\/www.workboxcloud.com\/index.php\/wp-json\/wp\/v2\/product\/5495","targetHints":{"allow":["GET"]}}],"collection":[{"href":"https:\/\/www.workboxcloud.com\/index.php\/wp-json\/wp\/v2\/product"}],"about":[{"href":"https:\/\/www.workboxcloud.com\/index.php\/wp-json\/wp\/v2\/types\/product"}],"replies":[{"embeddable":true,"href":"https:\/\/www.workboxcloud.com\/index.php\/wp-json\/wp\/v2\/comments?post=5495"}],"wp:attachment":[{"href":"https:\/\/www.workboxcloud.com\/index.php\/wp-json\/wp\/v2\/media?parent=5495"}],"wp:term":[{"taxonomy":"product_brand","embeddable":true,"href":"https:\/\/www.workboxcloud.com\/index.php\/wp-json\/wp\/v2\/product_brand?post=5495"},{"taxonomy":"product_cat","embeddable":true,"href":"https:\/\/www.workboxcloud.com\/index.php\/wp-json\/wp\/v2\/product_cat?post=5495"},{"taxonomy":"product_tag","embeddable":true,"href":"https:\/\/www.workboxcloud.com\/index.php\/wp-json\/wp\/v2\/product_tag?post=5495"}],"curies":[{"name":"wp","href":"https:\/\/api.w.org\/{rel}","templated":true}]}}