{"id":88499,"date":"2024-05-29T12:50:24","date_gmt":"2024-05-29T09:50:24","guid":{"rendered":"https:\/\/www.workboxcloud.com\/?page_id=88499"},"modified":"2024-05-29T15:31:47","modified_gmt":"2024-05-29T12:31:47","slug":"etiket-gorselleri","status":"publish","type":"page","link":"https:\/\/www.workboxcloud.com\/index.php\/urunlerimiz\/workbox-barcode\/etiket-gorselleri\/","title":{"rendered":"Workbox Barcode"},"content":{"rendered":"\t\t<div data-elementor-type=\"wp-page\" data-elementor-id=\"88499\" class=\"elementor elementor-88499\" data-elementor-post-type=\"page\">\n\t\t\t\t<div class=\"elementor-element elementor-element-fe9992f e-flex e-con-boxed e-con e-parent\" data-id=\"fe9992f\" data-element_type=\"container\" data-e-type=\"container\">\n\t\t\t\t\t<div class=\"e-con-inner\">\n\t\t\t\t<div class=\"elementor-element elementor-element-1f88d9d elementor-widget elementor-widget-heading\" data-id=\"1f88d9d\" data-element_type=\"widget\" data-e-type=\"widget\" data-widget_type=\"heading.default\">\n\t\t\t\t<div class=\"elementor-widget-container\">\n\t\t\t\t\t<h2 class=\"elementor-heading-title elementor-size-default\">Etiket G\u00f6rselleri<\/h2>\t\t\t\t<\/div>\n\t\t\t\t<\/div>\n\t\t\t\t\t<\/div>\n\t\t\t\t<\/div>\n\t\t<div class=\"elementor-element elementor-element-f1ba463 e-flex e-con-boxed e-con e-parent\" data-id=\"f1ba463\" data-element_type=\"container\" data-e-type=\"container\">\n\t\t\t\t\t<div class=\"e-con-inner\">\n\t\t<div class=\"elementor-element elementor-element-3f8783c e-con-full e-flex e-con e-child\" data-id=\"3f8783c\" data-element_type=\"container\" data-e-type=\"container\">\n\t\t\t\t<div class=\"elementor-element elementor-element-9c18e4c elementor-widget elementor-widget-image\" data-id=\"9c18e4c\" data-element_type=\"widget\" data-e-type=\"widget\" data-widget_type=\"image.default\">\n\t\t\t\t<div class=\"elementor-widget-container\">\n\t\t\t\t\t\t\t\t\t\t\t\t\t\t\t<img decoding=\"async\" src=\"https:\/\/www.workboxcloud.com\/wp-content\/uploads\/elementor\/thumbs\/1-qov8ufqipwput2pldx49f65z6p7jfhvgeecp1ag5xc.png\" title=\"1\" alt=\"1\" loading=\"lazy\" \/>\t\t\t\t\t\t\t\t\t\t\t\t\t\t\t<\/div>\n\t\t\t\t<\/div>\n\t\t\t\t<\/div>\n\t\t<div class=\"elementor-element elementor-element-74f2217 e-con-full e-flex e-con e-child\" data-id=\"74f2217\" data-element_type=\"container\" data-e-type=\"container\">\n\t\t\t\t<div class=\"elementor-element elementor-element-70d6560 elementor-widget elementor-widget-image\" data-id=\"70d6560\" data-element_type=\"widget\" data-e-type=\"widget\" data-widget_type=\"image.default\">\n\t\t\t\t<div class=\"elementor-widget-container\">\n\t\t\t\t\t\t\t\t\t\t\t\t\t\t\t<img decoding=\"async\" src=\"https:\/\/www.workboxcloud.com\/wp-content\/uploads\/elementor\/thumbs\/2-qov8ukfpo2waf4irmh5e9mza5mkdhze431m4fo9728.png\" title=\"2\" alt=\"2\" loading=\"lazy\" \/>\t\t\t\t\t\t\t\t\t\t\t\t\t\t\t<\/div>\n\t\t\t\t<\/div>\n\t\t\t\t<\/div>\n\t\t<div class=\"elementor-element elementor-element-e38cbb5 e-con-full e-flex e-con e-child\" data-id=\"e38cbb5\" data-element_type=\"container\" data-e-type=\"container\">\n\t\t\t\t<div class=\"elementor-element elementor-element-1198bd2 elementor-widget elementor-widget-heading\" data-id=\"1198bd2\" data-element_type=\"widget\" data-e-type=\"widget\" data-widget_type=\"heading.default\">\n\t\t\t\t<div class=\"elementor-widget-container\">\n\t\t\t\t\t<h2 class=\"elementor-heading-title elementor-size-default\">8x5 cm<\/h2>\t\t\t\t<\/div>\n\t\t\t\t<\/div>\n\t\t\t\t<\/div>\n\t\t<div class=\"elementor-element elementor-element-64fc91e e-con-full e-flex e-con e-child\" data-id=\"64fc91e\" data-element_type=\"container\" data-e-type=\"container\">\n\t\t\t\t<div class=\"elementor-element elementor-element-303327a elementor-widget elementor-widget-heading\" data-id=\"303327a\" data-element_type=\"widget\" data-e-type=\"widget\" data-widget_type=\"heading.default\">\n\t\t\t\t<div class=\"elementor-widget-container\">\n\t\t\t\t\t<h2 class=\"elementor-heading-title elementor-size-default\">4x5 cm<\/h2>\t\t\t\t<\/div>\n\t\t\t\t<\/div>\n\t\t\t\t<\/div>\n\t\t\t\t\t<\/div>\n\t\t\t\t<\/div>\n\t\t<div class=\"elementor-element elementor-element-0704faf e-flex e-con-boxed e-con e-parent\" data-id=\"0704faf\" data-element_type=\"container\" data-e-type=\"container\">\n\t\t\t\t\t<div class=\"e-con-inner\">\n\t\t\t\t<div class=\"elementor-element elementor-element-bee783f elementor-widget elementor-widget-spacer\" data-id=\"bee783f\" data-element_type=\"widget\" data-e-type=\"widget\" data-widget_type=\"spacer.default\">\n\t\t\t\t<div class=\"elementor-widget-container\">\n\t\t\t\t\t\t\t<div class=\"elementor-spacer\">\n\t\t\t<div class=\"elementor-spacer-inner\"><\/div>\n\t\t<\/div>\n\t\t\t\t\t\t<\/div>\n\t\t\t\t<\/div>\n\t\t\t\t\t<\/div>\n\t\t\t\t<\/div>\n\t\t\t\t<\/div>\n\t\t","protected":false},"excerpt":{"rendered":"<p>Etiket G\u00f6rselleri 8&#215;5 cm 4&#215;5 cm<\/p>\n","protected":false},"author":1,"featured_media":0,"parent":88348,"menu_order":0,"comment_status":"closed","ping_status":"closed","template":"","meta":{"footnotes":""},"class_list":["post-88499","page","type-page","status-publish","hentry"],"yoast_head":"<!-- This site is optimized with the Yoast SEO plugin v27.5 - https:\/\/yoast.com\/product\/yoast-seo-wordpress\/ -->\n<title>Workbox Barcode - Workbox Cloud Solutions<\/title>\n<meta name=\"description\" content=\"Barkod olu\u015fturmak ve Etiket yazd\u0131rmak art\u0131k \u00e7ok kolay. Workbox Barcode ile kolayca malzemelerinizi Logo\u2019ya aktar\u0131n, varyantlar\u0131n\u0131 olu\u015fturun, ilgili bilgileriyle birlikte kaydedin.\" \/>\n<meta name=\"robots\" content=\"index, follow, max-snippet:-1, max-image-preview:large, max-video-preview:-1\" \/>\n<link rel=\"canonical\" href=\"https:\/\/www.workboxcloud.com\/index.php\/urunlerimiz\/workbox-barcode\/etiket-gorselleri\/\" \/>\n<meta property=\"og:locale\" content=\"tr_TR\" \/>\n<meta property=\"og:type\" content=\"article\" \/>\n<meta property=\"og:title\" content=\"Workbox Barcode - Workbox Cloud Solutions\" \/>\n<meta property=\"og:description\" content=\"Barkod olu\u015fturmak ve Etiket yazd\u0131rmak art\u0131k \u00e7ok kolay. Workbox Barcode ile kolayca malzemelerinizi Logo\u2019ya aktar\u0131n, varyantlar\u0131n\u0131 olu\u015fturun, ilgili bilgileriyle birlikte kaydedin.\" \/>\n<meta property=\"og:url\" content=\"https:\/\/www.workboxcloud.com\/index.php\/urunlerimiz\/workbox-barcode\/etiket-gorselleri\/\" \/>\n<meta property=\"og:site_name\" content=\"Workbox Cloud Solutions\" \/>\n<meta property=\"article:modified_time\" content=\"2024-05-29T12:31:47+00:00\" \/>\n<meta property=\"og:image\" content=\"https:\/\/www.workboxcloud.com\/wp-content\/uploads\/elementor\/thumbs\/1-qov8ufqipwput2pldx49f65z6p7jfhvgeecp1ag5xc.png\" \/>\n<meta name=\"twitter:card\" content=\"summary_large_image\" \/>\n<meta name=\"twitter:label1\" content=\"Tahmini okuma s\u00fcresi\" \/>\n\t<meta name=\"twitter:data1\" content=\"1 dakika\" \/>\n<script type=\"application\/ld+json\" class=\"yoast-schema-graph\">{\"@context\":\"https:\\\/\\\/schema.org\",\"@graph\":[{\"@type\":\"WebPage\",\"@id\":\"https:\\\/\\\/www.workboxcloud.com\\\/index.php\\\/urunlerimiz\\\/workbox-barcode\\\/etiket-gorselleri\\\/\",\"url\":\"https:\\\/\\\/www.workboxcloud.com\\\/index.php\\\/urunlerimiz\\\/workbox-barcode\\\/etiket-gorselleri\\\/\",\"name\":\"Workbox Barcode - Workbox Cloud Solutions\",\"isPartOf\":{\"@id\":\"https:\\\/\\\/www.workboxcloud.com\\\/#website\"},\"primaryImageOfPage\":{\"@id\":\"https:\\\/\\\/www.workboxcloud.com\\\/index.php\\\/urunlerimiz\\\/workbox-barcode\\\/etiket-gorselleri\\\/#primaryimage\"},\"image\":{\"@id\":\"https:\\\/\\\/www.workboxcloud.com\\\/index.php\\\/urunlerimiz\\\/workbox-barcode\\\/etiket-gorselleri\\\/#primaryimage\"},\"thumbnailUrl\":\"https:\\\/\\\/www.workboxcloud.com\\\/wp-content\\\/uploads\\\/elementor\\\/thumbs\\\/1-qov8ufqipwput2pldx49f65z6p7jfhvgeecp1ag5xc.png\",\"datePublished\":\"2024-05-29T09:50:24+00:00\",\"dateModified\":\"2024-05-29T12:31:47+00:00\",\"description\":\"Barkod olu\u015fturmak ve Etiket yazd\u0131rmak art\u0131k \u00e7ok kolay. Workbox Barcode ile kolayca malzemelerinizi Logo\u2019ya aktar\u0131n, varyantlar\u0131n\u0131 olu\u015fturun, ilgili bilgileriyle birlikte kaydedin.\",\"breadcrumb\":{\"@id\":\"https:\\\/\\\/www.workboxcloud.com\\\/index.php\\\/urunlerimiz\\\/workbox-barcode\\\/etiket-gorselleri\\\/#breadcrumb\"},\"inLanguage\":\"tr\",\"potentialAction\":[{\"@type\":\"ReadAction\",\"target\":[\"https:\\\/\\\/www.workboxcloud.com\\\/index.php\\\/urunlerimiz\\\/workbox-barcode\\\/etiket-gorselleri\\\/\"]}]},{\"@type\":\"ImageObject\",\"inLanguage\":\"tr\",\"@id\":\"https:\\\/\\\/www.workboxcloud.com\\\/index.php\\\/urunlerimiz\\\/workbox-barcode\\\/etiket-gorselleri\\\/#primaryimage\",\"url\":\"https:\\\/\\\/www.workboxcloud.com\\\/wp-content\\\/uploads\\\/elementor\\\/thumbs\\\/1-qov8ufqipwput2pldx49f65z6p7jfhvgeecp1ag5xc.png\",\"contentUrl\":\"https:\\\/\\\/www.workboxcloud.com\\\/wp-content\\\/uploads\\\/elementor\\\/thumbs\\\/1-qov8ufqipwput2pldx49f65z6p7jfhvgeecp1ag5xc.png\"},{\"@type\":\"BreadcrumbList\",\"@id\":\"https:\\\/\\\/www.workboxcloud.com\\\/index.php\\\/urunlerimiz\\\/workbox-barcode\\\/etiket-gorselleri\\\/#breadcrumb\",\"itemListElement\":[{\"@type\":\"ListItem\",\"position\":1,\"name\":\"Anasayfa\",\"item\":\"https:\\\/\\\/www.workboxcloud.com\\\/\"},{\"@type\":\"ListItem\",\"position\":2,\"name\":\"\u00dcr\u00fcnlerimiz\",\"item\":\"https:\\\/\\\/www.workboxcloud.com\\\/index.php\\\/urunlerimiz\\\/\"},{\"@type\":\"ListItem\",\"position\":3,\"name\":\"WORKBOX Barcode\",\"item\":\"https:\\\/\\\/www.workboxcloud.com\\\/index.php\\\/urunlerimiz\\\/workbox-barcode\\\/\"},{\"@type\":\"ListItem\",\"position\":4,\"name\":\"Workbox Barcode\"}]},{\"@type\":\"WebSite\",\"@id\":\"https:\\\/\\\/www.workboxcloud.com\\\/#website\",\"url\":\"https:\\\/\\\/www.workboxcloud.com\\\/\",\"name\":\"WORKBOX Cloud\",\"description\":\"Uzmanl\u0131\u011f\u0131m\u0131z, Sizin Geli\u015fiminiz.\",\"publisher\":{\"@id\":\"https:\\\/\\\/www.workboxcloud.com\\\/#organization\"},\"potentialAction\":[{\"@type\":\"SearchAction\",\"target\":{\"@type\":\"EntryPoint\",\"urlTemplate\":\"https:\\\/\\\/www.workboxcloud.com\\\/?s={search_term_string}\"},\"query-input\":{\"@type\":\"PropertyValueSpecification\",\"valueRequired\":true,\"valueName\":\"search_term_string\"}}],\"inLanguage\":\"tr\"},{\"@type\":\"Organization\",\"@id\":\"https:\\\/\\\/www.workboxcloud.com\\\/#organization\",\"name\":\"WORKBOX Cloud\",\"url\":\"https:\\\/\\\/www.workboxcloud.com\\\/\",\"logo\":{\"@type\":\"ImageObject\",\"inLanguage\":\"tr\",\"@id\":\"https:\\\/\\\/www.workboxcloud.com\\\/#\\\/schema\\\/logo\\\/image\\\/\",\"url\":\"https:\\\/\\\/www.workboxcloud.com\\\/wp-content\\\/uploads\\\/2023\\\/11\\\/WORKBOX-LOGOFORSITE1.png\",\"contentUrl\":\"https:\\\/\\\/www.workboxcloud.com\\\/wp-content\\\/uploads\\\/2023\\\/11\\\/WORKBOX-LOGOFORSITE1.png\",\"width\":350,\"height\":100,\"caption\":\"WORKBOX Cloud\"},\"image\":{\"@id\":\"https:\\\/\\\/www.workboxcloud.com\\\/#\\\/schema\\\/logo\\\/image\\\/\"},\"sameAs\":[\"https:\\\/\\\/www.linkedin.com\\\/in\\\/workbox-cloud-548b6a29b\\\/\",\"https:\\\/\\\/www.instagram.com\\\/workboxcloud\\\/\"]}]}<\/script>\n<!-- \/ Yoast SEO plugin. -->","yoast_head_json":{"title":"Workbox Barcode - Workbox Cloud Solutions","description":"Barkod olu\u015fturmak ve Etiket yazd\u0131rmak art\u0131k \u00e7ok kolay. Workbox Barcode ile kolayca malzemelerinizi Logo\u2019ya aktar\u0131n, varyantlar\u0131n\u0131 olu\u015fturun, ilgili bilgileriyle birlikte kaydedin.","robots":{"index":"index","follow":"follow","max-snippet":"max-snippet:-1","max-image-preview":"max-image-preview:large","max-video-preview":"max-video-preview:-1"},"canonical":"https:\/\/www.workboxcloud.com\/index.php\/urunlerimiz\/workbox-barcode\/etiket-gorselleri\/","og_locale":"tr_TR","og_type":"article","og_title":"Workbox Barcode - Workbox Cloud Solutions","og_description":"Barkod olu\u015fturmak ve Etiket yazd\u0131rmak art\u0131k \u00e7ok kolay. Workbox Barcode ile kolayca malzemelerinizi Logo\u2019ya aktar\u0131n, varyantlar\u0131n\u0131 olu\u015fturun, ilgili bilgileriyle birlikte kaydedin.","og_url":"https:\/\/www.workboxcloud.com\/index.php\/urunlerimiz\/workbox-barcode\/etiket-gorselleri\/","og_site_name":"Workbox Cloud Solutions","article_modified_time":"2024-05-29T12:31:47+00:00","og_image":[{"url":"https:\/\/www.workboxcloud.com\/wp-content\/uploads\/elementor\/thumbs\/1-qov8ufqipwput2pldx49f65z6p7jfhvgeecp1ag5xc.png","type":"","width":"","height":""}],"twitter_card":"summary_large_image","twitter_misc":{"Tahmini okuma s\u00fcresi":"1 dakika"},"schema":{"@context":"https:\/\/schema.org","@graph":[{"@type":"WebPage","@id":"https:\/\/www.workboxcloud.com\/index.php\/urunlerimiz\/workbox-barcode\/etiket-gorselleri\/","url":"https:\/\/www.workboxcloud.com\/index.php\/urunlerimiz\/workbox-barcode\/etiket-gorselleri\/","name":"Workbox Barcode - Workbox Cloud Solutions","isPartOf":{"@id":"https:\/\/www.workboxcloud.com\/#website"},"primaryImageOfPage":{"@id":"https:\/\/www.workboxcloud.com\/index.php\/urunlerimiz\/workbox-barcode\/etiket-gorselleri\/#primaryimage"},"image":{"@id":"https:\/\/www.workboxcloud.com\/index.php\/urunlerimiz\/workbox-barcode\/etiket-gorselleri\/#primaryimage"},"thumbnailUrl":"https:\/\/www.workboxcloud.com\/wp-content\/uploads\/elementor\/thumbs\/1-qov8ufqipwput2pldx49f65z6p7jfhvgeecp1ag5xc.png","datePublished":"2024-05-29T09:50:24+00:00","dateModified":"2024-05-29T12:31:47+00:00","description":"Barkod olu\u015fturmak ve Etiket yazd\u0131rmak art\u0131k \u00e7ok kolay. Workbox Barcode ile kolayca malzemelerinizi Logo\u2019ya aktar\u0131n, varyantlar\u0131n\u0131 olu\u015fturun, ilgili bilgileriyle birlikte kaydedin.","breadcrumb":{"@id":"https:\/\/www.workboxcloud.com\/index.php\/urunlerimiz\/workbox-barcode\/etiket-gorselleri\/#breadcrumb"},"inLanguage":"tr","potentialAction":[{"@type":"ReadAction","target":["https:\/\/www.workboxcloud.com\/index.php\/urunlerimiz\/workbox-barcode\/etiket-gorselleri\/"]}]},{"@type":"ImageObject","inLanguage":"tr","@id":"https:\/\/www.workboxcloud.com\/index.php\/urunlerimiz\/workbox-barcode\/etiket-gorselleri\/#primaryimage","url":"https:\/\/www.workboxcloud.com\/wp-content\/uploads\/elementor\/thumbs\/1-qov8ufqipwput2pldx49f65z6p7jfhvgeecp1ag5xc.png","contentUrl":"https:\/\/www.workboxcloud.com\/wp-content\/uploads\/elementor\/thumbs\/1-qov8ufqipwput2pldx49f65z6p7jfhvgeecp1ag5xc.png"},{"@type":"BreadcrumbList","@id":"https:\/\/www.workboxcloud.com\/index.php\/urunlerimiz\/workbox-barcode\/etiket-gorselleri\/#breadcrumb","itemListElement":[{"@type":"ListItem","position":1,"name":"Anasayfa","item":"https:\/\/www.workboxcloud.com\/"},{"@type":"ListItem","position":2,"name":"\u00dcr\u00fcnlerimiz","item":"https:\/\/www.workboxcloud.com\/index.php\/urunlerimiz\/"},{"@type":"ListItem","position":3,"name":"WORKBOX Barcode","item":"https:\/\/www.workboxcloud.com\/index.php\/urunlerimiz\/workbox-barcode\/"},{"@type":"ListItem","position":4,"name":"Workbox Barcode"}]},{"@type":"WebSite","@id":"https:\/\/www.workboxcloud.com\/#website","url":"https:\/\/www.workboxcloud.com\/","name":"WORKBOX Cloud","description":"Uzmanl\u0131\u011f\u0131m\u0131z, Sizin Geli\u015fiminiz.","publisher":{"@id":"https:\/\/www.workboxcloud.com\/#organization"},"potentialAction":[{"@type":"SearchAction","target":{"@type":"EntryPoint","urlTemplate":"https:\/\/www.workboxcloud.com\/?s={search_term_string}"},"query-input":{"@type":"PropertyValueSpecification","valueRequired":true,"valueName":"search_term_string"}}],"inLanguage":"tr"},{"@type":"Organization","@id":"https:\/\/www.workboxcloud.com\/#organization","name":"WORKBOX Cloud","url":"https:\/\/www.workboxcloud.com\/","logo":{"@type":"ImageObject","inLanguage":"tr","@id":"https:\/\/www.workboxcloud.com\/#\/schema\/logo\/image\/","url":"https:\/\/www.workboxcloud.com\/wp-content\/uploads\/2023\/11\/WORKBOX-LOGOFORSITE1.png","contentUrl":"https:\/\/www.workboxcloud.com\/wp-content\/uploads\/2023\/11\/WORKBOX-LOGOFORSITE1.png","width":350,"height":100,"caption":"WORKBOX Cloud"},"image":{"@id":"https:\/\/www.workboxcloud.com\/#\/schema\/logo\/image\/"},"sameAs":["https:\/\/www.linkedin.com\/in\/workbox-cloud-548b6a29b\/","https:\/\/www.instagram.com\/workboxcloud\/"]}]}},"_links":{"self":[{"href":"https:\/\/www.workboxcloud.com\/index.php\/wp-json\/wp\/v2\/pages\/88499","targetHints":{"allow":["GET"]}}],"collection":[{"href":"https:\/\/www.workboxcloud.com\/index.php\/wp-json\/wp\/v2\/pages"}],"about":[{"href":"https:\/\/www.workboxcloud.com\/index.php\/wp-json\/wp\/v2\/types\/page"}],"author":[{"embeddable":true,"href":"https:\/\/www.workboxcloud.com\/index.php\/wp-json\/wp\/v2\/users\/1"}],"replies":[{"embeddable":true,"href":"https:\/\/www.workboxcloud.com\/index.php\/wp-json\/wp\/v2\/comments?post=88499"}],"version-history":[{"count":16,"href":"https:\/\/www.workboxcloud.com\/index.php\/wp-json\/wp\/v2\/pages\/88499\/revisions"}],"predecessor-version":[{"id":88518,"href":"https:\/\/www.workboxcloud.com\/index.php\/wp-json\/wp\/v2\/pages\/88499\/revisions\/88518"}],"up":[{"embeddable":true,"href":"https:\/\/www.workboxcloud.com\/index.php\/wp-json\/wp\/v2\/pages\/88348"}],"wp:attachment":[{"href":"https:\/\/www.workboxcloud.com\/index.php\/wp-json\/wp\/v2\/media?parent=88499"}],"curies":[{"name":"wp","href":"https:\/\/api.w.org\/{rel}","templated":true}]}}